{"id":444,"date":"2018-12-19T17:10:50","date_gmt":"2018-12-19T15:10:50","guid":{"rendered":"http:\/\/bonsaisantboi.com\/home-1\/"},"modified":"2020-10-18T11:07:24","modified_gmt":"2020-10-18T09:07:24","slug":"home-1","status":"publish","type":"page","link":"https:\/\/bonsaisantboi.com\/ca\/","title":{"rendered":"Home"},"content":{"rendered":"<div class=\"wpb-content-wrapper\"><p>[vc_row full_width=&#8221;stretch_row_content_no_spaces&#8221; css=&#8221;.vc_custom_1579587133414{padding-right: 0px !important;padding-left: 0px !important;}&#8221;][vc_column]\t\t<section  id= \"ct-posts-slider-288\" class=\"ct-shortcodes c-post-slider bs-post-slider style-1 \">\n\t\t\t<div class=\"container-fluid\">\n\t\t\t\t<div class=\"row\">\n\t\t\t\t\t<div class=\"slider-content\" data-autoplay=\"1\" data-speed=\"5000\" data-animation=\"1\" >\n\t\t\t\t\t\t\n\t\t\t\t\t\t<div class=\"slider-item\">\n\t\t\t\t\t\t\t<div class=\"c-post-slider__thumbnail\" data-animation=\"0\" data-delay=\"0.5s\">\n\t\t\t\t\t\t\t\t<div class=\"c-thumbnail__item\">\n\t\t\t\t\t\t\t\t\t<img decoding=\"async\" src=\"https:\/\/bonsaisantboi.com\/wp-content\/uploads\/2018\/12\/IMG_6202.jpg\" srcset=\"https:\/\/bonsaisantboi.com\/wp-content\/uploads\/2018\/12\/IMG_6202.jpg 4752w, https:\/\/bonsaisantboi.com\/wp-content\/uploads\/2018\/12\/IMG_6202-300x200.jpg 300w, https:\/\/bonsaisantboi.com\/wp-content\/uploads\/2018\/12\/IMG_6202-768x512.jpg 768w, https:\/\/bonsaisantboi.com\/wp-content\/uploads\/2018\/12\/IMG_6202-1024x683.jpg 1024w, https:\/\/bonsaisantboi.com\/wp-content\/uploads\/2018\/12\/IMG_6202-1800x1200.jpg 1800w\" sizes=\"(max-width: 4752px) 100vw, 4752px\" alt=\"IMG_6202\"\/>\t\t\t\t\t\t\t\t<\/div>\n\t\t\t\t\t\t\t<\/div>\n\t\t\t\t\t\t\t<div class=\"c-post-slider__content\" data-animation=\"0\" data-delay=\"0.5s\">\n\t\t\t\t\t\t\t\t<div class=\"c-content__item\">\n\t\t\t\t\t\t\t\t\t<div class=\"item-special\">\n\t\t\t\t\t\t\t\t\t\t<h3 class=\"special\">\n\t\t\t\t\t\t\t\t\t\t\tBonsai Sant Boi\t\t\t\t\t\t\t\t\t\t<\/h3>\n\t\t\t\t\t\t\t\t\t<\/div>\n\t\t\t\t\t\t\t\t\t<div class=\"item-title\">\n\t\t\t\t\t\t\t\t\t\t<h3>\n                                        <a href=\"#\">Juniperus sabina i pintura<\/a>\n                                    <\/h3>\n\t\t\t\t\t\t\t\t\t\n\n\t\t\t\t\t\t\t\t\t<\/div>\n\t\t\t\t\t\t\t\t\t<div class=\"item-summary\">\n\t\t\t\t\t\t\t\t\t\t<p>\n\t\t\t\t\t\t\t\t\t\t\t\t\t\t\t\t\t\t\t\t\t<\/p>\n\t\t\t\t\t\t\t\t\t<\/div>\n\n\t\t\t\t\t\t\t\t\t<div class=\"item-author\">\n\t\t\t\t\t\t\t\t\t\t\t\t\t\t\t\t\t\t\t\t<p>\n\t\t\t\t\t\t\t\t\t\t\t\t\t\t\t\t\t\t\t\t\t<\/p>\n\t\t\t\t\t\t\t\t\t<\/div>\n\n\t\t\t\t\t\t\t\t<\/div>\n\t\t\t\t\t\t\t<\/div>\n\t\t\t\t\t\t<\/div>\n\n\t\t\t\t\t\t\t\t\t\t\t<\/div>\n\t\t\t\t<\/div>\n\t\t\t<\/div>\n\t\t<\/section>\n        \n\n\t\t[\/vc_column][\/vc_row][vc_row full_width=&#8221;stretch_row_content_no_spaces&#8221; css=&#8221;.vc_custom_1579590919872{padding-top: 65px !important;padding-right: 70px !important;padding-bottom: 100px !important;padding-left: 70px !important;background-color: #f6f6f6 !important;}&#8221;][vc_column]\n            <section id=\"c-media-grid-851\" class=\"ct-shortcodes c-media-grid\">\n                <!-- <div class=\"container\"> -->\n                <div class=\"row\">\n\n                    <div class=\"col-sm-12 col-md-6\">\n                        <!-- Paragraph Card -->\n                        <div class=\"c-paragraph-block style-1\">\n                            <div class=\"c-paragraph__item\">\n\n                                                                    <div class=\"item-heading\">\n                                        <h3>\n                                            <span>Gabriel Romero<\/span>\n                                        <\/h3>\n\n                                        <div class=\"hr odd\" style=\"background: transparent url('https:\/\/bonsaisantboi.com\/wp-content\/themes\/bonsai\/images\/hr-icon.png') center no-repeat;\"><\/div>\n                                    <\/div>\n                                \n                                                                    <div class=\"item-special\">\n                                        <h3 class=\"special\">Bonsai Sant Boi<\/h3>\n                                    <\/div>\n                                                                                                    <div class=\"item-summary\">\n                                        <p>Gabriel Romero, artista de bonsai. Professional des de 1991 amb escola a Sant Boi de Llobregat.<\/p>\n                                    <\/div>\n                                                                                            <\/div>\n                        <\/div>\n                    <\/div>\n                    <div class=\"col-sm-12 col-md-6\">\n                        <!-- Image Card -->\n                        <div class=\"c-image-block style-1\">\n                            <div class=\"c-media__image\">\n                                                                    <div class=\"image-item big\">\n                                        <img decoding=\"async\" class=\"img-responsive\" src=\"https:\/\/bonsaisantboi.com\/wp-content\/uploads\/2020\/06\/gabriel-470x472.jpg\" alt=\"\"\/>\n                                    <\/div>\n                                \n                                \n                                                            <\/div>\n                        <\/div>\n                    <\/div>\n\n                <\/div>\n                <!-- <\/div> -->\n            <\/section>\n\n            [\/vc_column][\/vc_row][vc_row][vc_column width=&#8221;1\/2&#8243;]\n        <div id=\"ct_single_image-266\" class=\"ct-shortcodes ct-single-image-wrap\">\n            <span class=\"single-image img-responsive center\">\n               \t                <a href=\"http:\/\/bonsaisantboi.com\/#\"><img decoding=\"async\" src=\"https:\/\/bonsaisantboi.com\/wp-content\/uploads\/2020\/06\/escola-2.jpg\" alt=\"Tallers\"><\/a>\n                \t                <span class=\"description\">Tallers<\/span>\n            <\/span>\n        <\/div>\n\n        [vc_column_text css=&#8221;.vc_custom_1603012029453{margin-top: 35px !important;margin-bottom: 35px !important;}&#8221;]A Sant boi de Llobregat podr\u00e0s assistir als tallers de bonsai si vols desenvolupar coneixements i t\u00e8cniques d&#8217;aquest art mil\u00b7lenari.[\/vc_column_text]                        <div class=\"ct-shortcodes ct-button-wrap center\">\n            \t<a  href=\"http:\/\/bonsaisantboi.com\/#\"  class=\"btn btn-default btn-cactus btn-style-1 \"><i class=\"fa fa-info-circle\"><\/i>M\u00e9s informaci\u00f3<\/a>\n\t\t\t<\/div>\n            \n        \t\n            [\/vc_column][vc_column width=&#8221;1\/2&#8243;]\n        <div id=\"ct_single_image-244\" class=\"ct-shortcodes ct-single-image-wrap\">\n            <span class=\"single-image img-responsive center\">\n               \t                <a href=\"http:\/\/bonsaisantboi.com\/bonsai-en-venta\/\"><img decoding=\"async\" src=\"https:\/\/bonsaisantboi.com\/wp-content\/uploads\/2018\/12\/bonsai19.jpg\" alt=\"Bonsais en venda\"><\/a>\n                \t                <span class=\"description\">Bonsais en venda<\/span>\n            <\/span>\n        <\/div>\n\n        [vc_column_text css=&#8221;.vc_custom_1582192706082{margin-top: 35px !important;margin-bottom: 35px !important;}&#8221;]Arbres a la venda de producci\u00f3 nacional.[\/vc_column_text]                        <div class=\"ct-shortcodes ct-button-wrap center\">\n            \t<a  href=\"http:\/\/bonsaisantboi.com\/bonsai-en-venta\/\"  class=\"btn btn-default btn-cactus btn-style-1 \"><i class=\"fa fa-info-circle\"><\/i>M\u00e9s informaci\u00f3<\/a>\n\t\t\t<\/div>\n            \n        \t\n            [\/vc_column][\/vc_row][vc_row css=&#8221;.vc_custom_1579592256557{margin-top: 60px !important;}&#8221;][vc_column][vc_cta h2=&#8221;Vols con\u00e8ixer m\u00e9s sobre els nostres tallers?&#8221; add_button=&#8221;right&#8221; btn_title=&#8221;Contacta amb mi&#8221; btn_link=&#8221;url:http%3A%2F%2Fbonsaisantboi.com%2Fca%2Fcontacte%2F|title:Contacte||&#8221;][\/vc_cta][\/vc_column][\/vc_row][vc_row css=&#8221;.vc_custom_1579592334391{margin-top: 30px !important;}&#8221;][vc_column]\n            <section>\n                <div class=\"ct-shortcodes c-blog style-1\">\n                    <div class=\"c-blog__inner\">\n\n                        <!-- <div class=\"container\"> -->\n                        <!-- <div class=\"row\"> -->\n                                                        <div class=\"c-blog__heading\">\n                                    <div class=\"item-heading\">\n\n                                        <h3>EL NOSTRE BLOG<\/h3>\n\n                                        <div class=\"hr odd\" style=\"background: transparent url('https:\/\/bonsaisantboi.com\/wp-content\/themes\/bonsai\/images\/hr-icon.png') center no-repeat;\"><\/div>\n\n                                                                                        <div class=\"item-heading__caption\">\n                                                    <p>Aqu\u00ed trobar\u00e0s publicacions relacionades amb el m\u00f3n del bonsai i en particular amb Bonsai Sant Boi<\/p>\n                                                <\/div>\n                                            \n                                    <\/div>\n                                <\/div>\n                                                    <div class=\"c-blog__content\">\n\n                            \n                                    <div class=\"c-blog__row\">\n                                                                                    <div class=\"col-md-7 col-xs-12 \" >\n                                                <div class=\"c-blog__thumbnail effect-disable\">\n                                                    <a href=\"https:\/\/bonsaisantboi.com\/ca\/treball-dun-itoigawa\/\" title=\"Treball d&#8217;un Itoigawa\"><img decoding=\"async\" src=\"https:\/\/bonsaisantboi.com\/wp-content\/uploads\/2020\/09\/10itoigawa-670x384.jpg\" alt=\"10itoigawa\"\/><\/a>\n                                                <\/div>\n                                            <\/div>\n\n                                            <div class=\"col-md-5 col-xs-12\" >\n                                                <div class=\"c-blog__summary\">\n                                                    \n                                                        <div class=\"c-blog__title\">\n                                                            <h3><a href=\"https:\/\/bonsaisantboi.com\/ca\/treball-dun-itoigawa\/\" title=\"Treball d&#8217;un Itoigawa\">Treball d&#8217;un Itoigawa<\/a><\/h3>\n                                                        <\/div>\n                                                        <div class=\"c-blog__excerpt\">\n                                                            \t\t<div class=\"c-blog__meta\">\n\t\t\t<div class=\"c-blog__author\">\n\t\t\t\t<a href=\"https:\/\/bonsaisantboi.com\/ca\/author\/bonsaisantboi\/\">\n\t\t\t\t\tPer bonsaisantboi\t\t\t\t<\/a>\n\t\t\t<\/div>\n\t\t\t<div class=\"c-blog__date\">\n\t\t\t\t<span class=\"meta-separate\">-<\/span>\n\t\t\t\t\t\t\t\t<span class=\"meta-date\">\n\t\t\t\t\t18 d'octubre de 2020\t\t\t\t<\/span>\n\t\t\t\t\t\t\t<\/div>\n\t\t<\/div>\n\t\t                                                            <div class=\"c-blog__des\"><p>16 DE SETEMBRE DE 2020 Est \u00e9s el segon treball que es realitza en aquest Juniperus itoigawa. El primer treball va ser realitzat per Liliana Marcela Tello Ortiz durant la setmana que va estar en Sant Boi el mes de febrer del 2019. En aquella ocasi\u00f3 es va partir d&#8217;un itoigawa acabat d&#8217;importar, adquirit en...<\/p><\/div>\n                                                        <\/div>\n                                                    \n                                                <\/div>\n                                            <\/div>\n                                                                            <\/div>\n\n                                \n                                    <div class=\"c-blog__row\">\n                                                                                    <div class=\"col-md-7 col-xs-12 \" >\n                                                <div class=\"c-blog__thumbnail effect-disable\">\n                                                    <a href=\"https:\/\/bonsaisantboi.com\/ca\/20-years-trophy\/\" title=\"20 Years Trophy\"><img decoding=\"async\" src=\"https:\/\/bonsaisantboi.com\/wp-content\/uploads\/2018\/12\/IMG_6518-670x384.jpg\" alt=\"20 Years Trophy\"\/><\/a>\n                                                <\/div>\n                                            <\/div>\n\n                                            <div class=\"col-md-5 col-xs-12\" >\n                                                <div class=\"c-blog__summary\">\n                                                    \n                                                        <div class=\"c-blog__title\">\n                                                            <h3><a href=\"https:\/\/bonsaisantboi.com\/ca\/20-years-trophy\/\" title=\"20 Years Trophy\">20 Years Trophy<\/a><\/h3>\n                                                        <\/div>\n                                                        <div class=\"c-blog__excerpt\">\n                                                            \t\t<div class=\"c-blog__meta\">\n\t\t\t<div class=\"c-blog__author\">\n\t\t\t\t<a href=\"https:\/\/bonsaisantboi.com\/ca\/author\/bonsaisantboi\/\">\n\t\t\t\t\tPer bonsaisantboi\t\t\t\t<\/a>\n\t\t\t<\/div>\n\t\t\t<div class=\"c-blog__date\">\n\t\t\t\t<span class=\"meta-separate\">-<\/span>\n\t\t\t\t\t\t\t\t<span class=\"meta-date\">\n\t\t\t\t\t18 de desembre de 2018\t\t\t\t<\/span>\n\t\t\t\t\t\t\t<\/div>\n\t\t<\/div>\n\t\t                                                            <div class=\"c-blog__des\"><p>Primer de tot vull agrair al Club de bonsai de B\u00e8lgica per haver-me convidat a participar en aquesta edici\u00f3. Estic molt content de ser aqu\u00ed, entre tants amics, i poder gaudir d&#8217;aquest magn\u00edfic esdeveniment. \u00c9s la primera vegada que visito aquesta mostra i la veritat, \u00e9s que he quedat molt impressionat del que el club...<\/p><\/div>\n                                                        <\/div>\n                                                    \n                                                <\/div>\n                                            <\/div>\n                                                                            <\/div>\n\n                                \n                        <\/div>\n                        <!-- <\/div> -->\n                        <!-- <\/div> -->\n                    <\/div>\n                <\/div>\n            <\/section>\n\n\n            [\/vc_column][\/vc_row]<\/p>\n<\/div>","protected":false},"excerpt":{"rendered":"<p>[\/vc_column][\/vc_row][vc_row full_width=&#8221;stretch_row_content_no_spaces&#8221; css=&#8221;.vc_custom_1579590919872{padding-top: 65px !important;padding-right: 70px !important;padding-bottom: 100px !important;padding-left: 70px !important;background-color: #f6f6f6 !important;}&#8221;][vc_column][\/vc_column][vc_row][vc_column width=&#8221;1\/2&#8243;][vc_column_text css=&#8221;.vc_custom_1603012029453{margin-top: 35px !important;margin-bottom: 35px !important;}&#8221;]A Sant boi de Llobregat podr\u00e0s assistir als tallers de bonsai si vols desenvolupar coneixements i t\u00e8cniques d&#8217;aquest art mil\u00b7lenari.[\/vc_column_text][vc_column width=&#8221;1\/2&#8243;][vc_column_text css=&#8221;.vc_custom_1582192706082{margin-top: 35px !important;margin-bottom: 35px !important;}&#8221;]Arbres a la venda de producci\u00f3&#8230;<\/p>\n","protected":false},"author":1,"featured_media":0,"parent":0,"menu_order":0,"comment_status":"closed","ping_status":"closed","template":"","meta":{"footnotes":""},"class_list":["post-444","page","type-page","status-publish","hentry"],"_links":{"self":[{"href":"https:\/\/bonsaisantboi.com\/ca\/wp-json\/wp\/v2\/pages\/444","targetHints":{"allow":["GET"]}}],"collection":[{"href":"https:\/\/bonsaisantboi.com\/ca\/wp-json\/wp\/v2\/pages"}],"about":[{"href":"https:\/\/bonsaisantboi.com\/ca\/wp-json\/wp\/v2\/types\/page"}],"author":[{"embeddable":true,"href":"https:\/\/bonsaisantboi.com\/ca\/wp-json\/wp\/v2\/users\/1"}],"replies":[{"embeddable":true,"href":"https:\/\/bonsaisantboi.com\/ca\/wp-json\/wp\/v2\/comments?post=444"}],"version-history":[{"count":9,"href":"https:\/\/bonsaisantboi.com\/ca\/wp-json\/wp\/v2\/pages\/444\/revisions"}],"predecessor-version":[{"id":719,"href":"https:\/\/bonsaisantboi.com\/ca\/wp-json\/wp\/v2\/pages\/444\/revisions\/719"}],"wp:attachment":[{"href":"https:\/\/bonsaisantboi.com\/ca\/wp-json\/wp\/v2\/media?parent=444"}],"curies":[{"name":"wp","href":"https:\/\/api.w.org\/{rel}","templated":true}]}}